{"id":66,"date":"2018-03-09T17:09:27","date_gmt":"2018-03-09T16:09:27","guid":{"rendered":"https:\/\/bioinfo.cipf.es\/ubb\/?page_id=66"},"modified":"2026-02-17T09:00:38","modified_gmt":"2026-02-17T08:00:38","slug":"people","status":"publish","type":"page","link":"https:\/\/bioinfo.cipf.es\/cbl\/people\/","title":{"rendered":"People"},"content":{"rendered":"<div class=\"row text-center\">\n<div class=\"section-title-col\" data-type=\"column\">\n<h2 class=\"\" style=\"text-align: center;\"><span style=\"color: #000000;\">CBL Team<\/span><\/h2>\n<h3 style=\"text-align: left;\" data-type=\"group\"><img decoding=\"async\" loading=\"lazy\" class=\"alignnone  wp-image-1773\" src=\"https:\/\/bioinfo.cipf.es\/cbl\/wp-content\/uploads\/2025\/12\/250728_imagen_o_video1980x1114-300x169.jpg\" alt=\"\" width=\"864\" height=\"486\" srcset=\"https:\/\/bioinfo.cipf.es\/cbl\/wp-content\/uploads\/2025\/12\/250728_imagen_o_video1980x1114-300x169.jpg 300w, https:\/\/bioinfo.cipf.es\/cbl\/wp-content\/uploads\/2025\/12\/250728_imagen_o_video1980x1114-1024x576.jpg 1024w, https:\/\/bioinfo.cipf.es\/cbl\/wp-content\/uploads\/2025\/12\/250728_imagen_o_video1980x1114-768x432.jpg 768w, https:\/\/bioinfo.cipf.es\/cbl\/wp-content\/uploads\/2025\/12\/250728_imagen_o_video1980x1114-1536x864.jpg 1536w, https:\/\/bioinfo.cipf.es\/cbl\/wp-content\/uploads\/2025\/12\/250728_imagen_o_video1980x1114-1920x1080.jpg 1920w, https:\/\/bioinfo.cipf.es\/cbl\/wp-content\/uploads\/2025\/12\/250728_imagen_o_video1980x1114.jpg 1980w\" sizes=\"(max-width: 864px) 100vw, 864px\" \/><\/h3>\n<\/div>\n<\/div>\n<div class=\"row spaced-cols content-center-sm center-sm\" data-type=\"row\">\n<div class=\"col-xs-12 col-sm-6 col-md-4 col-padding\">\n<div class=\"row \">\n<div class=\"col-xs-12 col-sm-12\" data-type=\"column\">\n<ul>\n<li style=\"text-align: left;\"><span style=\"color: #000000;\">Paco Garcia.\u00a0 <em>Group leader\u00a0<\/em><\/span><\/li>\n<li style=\"text-align: left;\"><span style=\"color: #000000;\">Cristina Galiana. <em>Researcher<\/em><\/span><\/li>\n<li style=\"text-align: left;\"><span style=\"color: #000000;\">Rub\u00e9n Grillo. <em>Researcher<\/em><\/span><\/li>\n<li style=\"text-align: left;\"><span style=\"color: #000000;\">Irene Soler. <em>Researcher<\/em><\/span><\/li>\n<li style=\"text-align: left;\"><span style=\"color: #000000;\">Carla Perpi\u00f1\u00e1. <em>Researcher<\/em><\/span><\/li>\n<li style=\"text-align: left;\"><span style=\"color: #000000;\">Rub\u00e9n S\u00e1nchez. <em>System administrator<\/em><\/span><\/li>\n<li style=\"text-align: left;\"><span style=\"color: #000000;\">Marta R. Hidalgo. <em>Collaborator researcher<\/em><\/span><\/li>\n<li style=\"text-align: left;\"><span style=\"color: #000000;\">Zoraida Andreu.\u00a0 <em>Collaborator\u00a0 researcher<\/em><\/span><\/li>\n<\/ul>\n<\/div>\n<\/div>\n<\/div>\n<div class=\"col-xs-12 col-sm-6 col-md-4 col-padding\">\n<div class=\"row \">\n<div class=\"col-xs-12 col-sm-12\" data-type=\"column\">\n<ul>\n<li style=\"text-align: left;\"><span style=\"color: #000000;\">Sergio Romera. <em>Phd student<\/em><\/span><\/li>\n<li style=\"text-align: left;\"><span style=\"color: #000000;\">Pablo Malmierca. <em>Phd student<\/em><\/span><\/li>\n<li style=\"text-align: left;\"><span style=\"color: #000000;\">Adolfo L\u00f3pez. <em>Phd student<\/em><\/span><\/li>\n<li style=\"text-align: left;\"><span style=\"color: #000000;\">Natalia del Rey. <em>Phd student<\/em><\/span><\/li>\n<li style=\"text-align: left;\"><span style=\"color: #000000;\">Borja G\u00f3mez. <em>Phd student<\/em><\/span><\/li>\n<li style=\"text-align: left;\"><span style=\"color: #000000;\">Fernando Gordillo. <em>Phd student<\/em><\/span><\/li>\n<\/ul>\n<\/div>\n<\/div>\n<\/div>\n<div class=\"col-xs-12 col-sm-6 col-md-4 col-padding\">\n<div class=\"row \">\n<div class=\"col-xs-12 col-sm-12\" data-type=\"column\">\n<ul>\n<li style=\"text-align: left;\"><span style=\"color: #000000;\">Silvia Salvador. <em>TFM student<\/em><\/span><\/li>\n<li style=\"text-align: left;\"><span style=\"color: #000000;\">Paula Palero. <em>TFM student<\/em><\/span><\/li>\n<li style=\"text-align: left;\"><span style=\"color: #000000;\">Celine I. Garc\u00eda. <em>TFM student<\/em><\/span><\/li>\n<\/ul>\n<\/div>\n<\/div>\n<\/div>\n<\/div>\n<div class=\"row spaced-cols content-center-sm center-sm\" data-type=\"row\">\n<div class=\"col-xs-12 col-sm-6 col-md-3 col-padding\">\n<div class=\"row \">\n<div class=\"col-xs-12 col-sm-12\" data-type=\"column\"><\/div>\n<\/div>\n<\/div>\n<\/div>\n<h3 style=\"text-align: center;\"><span style=\"color: #000000;\">Former students, researchers and collaborators<\/span><\/h3>\n<h4><\/h4>\n<h4 style=\"text-align: left;\"><span style=\"color: #000000;\">A) PhD researchers<\/span><\/h4>\n<ol>\n<li><span style=\"color: #000000;\">Irene P\u00e9rez-D\u00edez, 2021-2025. <a class=\"media mediafile mf_pdf\" title=\"tfm:start:tesisdoctoral_ireneperez.pdf (7\u00a0MB)\" href=\"https:\/\/bioinfo.cipf.es\/ubb\/wiki\/start\/_media\/tfm\/start\/tesisdoctoral_ireneperez.pdf\">Development and application of novel computational approaches for the characterization of cancer subtypes.<\/a>\u00a0<\/span><\/li>\n<li><span style=\"color: #000000;\">Jos\u00e9 Francisco Catal\u00e0-Senent, 2020-2025. <a class=\"media mediafile mf_pdf\" title=\"tfm:start:a3:tesis_doctoral_jfc.pdf (33.2\u00a0MB)\" href=\"https:\/\/bioinfo.cipf.es\/ubb\/wiki\/start\/_media\/tfm\/start\/a3\/tesis_doctoral_jfc.pdf\">Study of molecular bases behind sex differences in non-alcoholic fatty liver disease and multiple sclerosis through transcriptomic meta-analysis<\/a>.<\/span><\/li>\n<li><span style=\"color: #000000;\">Rub\u00e9n Grillo Risco, 2021-2025.<\/span> <a href=\"https:\/\/bioinfo.cipf.es\/ubb\/wiki\/start\/_media\/tfm\/start\/tesisdoctoral_rubengrillo.pdf\">Obtaining and characterising consensus transcriptional profiles to understand the progression and severity of spinal cord injury<\/a>.<\/li>\n<li><span style=\"color: #000000;\">Irene Soler S\u00e1ez, 2022-2025. <a href=\"https:\/\/bioinfo.cipf.es\/ubb\/wiki\/start\/_media\/tfm\/start\/a3\/tesisv3.pdf\">Sex differences and cross-disease molecular mechanisms in multiple sclerosis: insights from transcriptomics and metagenomics analyses.<\/a>\u00a0<\/span><\/li>\n<li><span style=\"color: #000000;\">Carla Perpi\u00f1\u00e1 Cl\u00e9rigues, 2022-2025. <a href=\"https:\/\/roderic.uv.es\/items\/ac870097-b971-4f1c-b3db-e2c1ae09b8c5\">Sex differences in the effects of alcohol of the content of plasma extracellular vesicles: a multi-omics study in humans and mice<\/a>.<\/span><\/li>\n<\/ol>\n<h4 style=\"text-align: left;\"><span style=\"color: #000000;\">B) TFM\/TFG\/internship students<\/span><\/h4>\n<p><span style=\"color: #000000;\">2025\/26<\/span><\/p>\n<ol>\n<li><span style=\"color: #000000;\">Silvia Salvador. Master&#8217;s Degree in Bioinformatics, University of Valencia.<\/span><\/li>\n<li><span style=\"color: #000000;\">Paula Palero. Master&#8217;s Degree in Bioinformatics, University of Valencia.<\/span><\/li>\n<li><span style=\"color: #000000;\">Celine I. Garc\u00eda. Master&#8217;s Degree in Bioinformatics, University of Valencia.<\/span><\/li>\n<\/ol>\n<p><span style=\"color: #000000;\">2024\/25<\/span><\/p>\n<ol>\n<li><span style=\"color: #000000;\">Natalia del Rey D\u00edez. <em>Master&#8217;s Degree in Bioinformatics<\/em>, University of Valencia.<\/span><\/li>\n<li><span style=\"color: #000000;\">Alejandro Viru\u00e9s Morales. <em>Master&#8217;s Degree in Bioinformatics<\/em>, University of Valencia.<\/span><\/li>\n<li><span style=\"color: #000000;\">Beatriz Dolader Rabinad. <em>Master&#8217;s Degree in Bioinformatics<\/em>, University of Valencia.<\/span><\/li>\n<li><span style=\"color: #000000;\">Patricia del Carme Vaca Rubio. <em>Master&#8217;s Degree in Bioinformatics<\/em>, University of Valencia.<\/span><\/li>\n<li><span style=\"color: #000000;\">\u00c1ngela Soria Gonzalvo.<em> Master&#8217;s Degree in Bioinformatics<\/em>, University of Valencia.<\/span><\/li>\n<li><span style=\"color: #000000;\">Maksym Kupchyk Tiurin. <em>Master&#8217;s Degree in Bioinformatics<\/em>, University of Valencia.<\/span><\/li>\n<\/ol>\n<p><span style=\"color: #000000;\">2023\/24<\/span><\/p>\n<ol>\n<li><span style=\"color: #000000;\">Irene Bonache G\u00f3mez. <em>Master&#8217;s Degree in Biostatistics, University of Valencia.<\/em><\/span><\/li>\n<li><span style=\"color: #000000;\">Guillem Diego Esteve. <em>Master&#8217;s Degree in Biostatistics, University of Valencia.<\/em><\/span><\/li>\n<li><span style=\"color: #000000;\">Jorge Guitart Gil. <em>Master&#8217;s Degree in Biostatistics, University of Valencia.<\/em><\/span><\/li>\n<li><span style=\"color: #000000;\">Gonzalo Ant\u00f3n Bernat. <em>Master&#8217;s Degree in Bioinformatics, University of Valencia.<\/em><\/span><\/li>\n<li><span style=\"color: #000000;\">Carlos Marrero. <em>Master&#8217;s Degree in Bioinformatics, University of Valencia.<\/em><\/span><\/li>\n<li><span style=\"color: #000000;\">Alexios Giannoulas. Bsc in Chemistry. <em>Aristotle University of Thessaloniki, Greece<\/em>. Erasmus+ internship.<\/span><\/li>\n<li><span style=\"color: #000000;\">Mart\u00ed Romero Navarro. <em>Degree in Biochemistry and Molecular Biology. Universitat Rovira i Virgili de Tarragona.<\/em><\/span><\/li>\n<\/ol>\n<p><span style=\"color: #000000;\">2022\/23<\/span><\/p>\n<ol>\n<li><span style=\"color: #000000;\">Julen Santiago Agredano. <em>Master&#8217;s Degree in Bioinformatics, University of Valencia.<\/em><\/span><\/li>\n<li><span style=\"color: #000000;\">Gonzalo Ant\u00f3n Bernat. <em>Master&#8217;s Degree in Bioinformatics, University of Valencia.<\/em><\/span><\/li>\n<li><span style=\"color: #000000;\">Roxana Moldovan. <em>Master&#8217;s Degree in Bioinformatics, University of Valencia.<\/em><\/span><\/li>\n<li><span style=\"color: #000000;\">Mar\u00eda Campos. <em>Master&#8217;s Degree in Bioinformatics, University of Valencia.<\/em><\/span><\/li>\n<li><span style=\"color: #000000;\">Aar\u00f3n Garc\u00eda Bl\u00e1zquez. <em>Master&#8217;s Degree in Bioinformatics, University of Valencia.<\/em><\/span><\/li>\n<li><span style=\"color: #000000;\">Pau Camilleri. <em>Master&#8217;s Degree in Bioinformatics, Computational Biology and Personalised Medicine. \u00a0Universidad Polit\u00e9cnica de Valencia<\/em>.<\/span><\/li>\n<li><span style=\"color: #000000;\">Guillermina Goni. <em>Master&#8217;s Degree in Bioinformatics, Computational Biology and Personalised Medicine. \u00a0Universidad Polit\u00e9cnica de Valencia<\/em>.<\/span><\/li>\n<li><span style=\"color: #000000;\">Jos\u00e9 Antonio Mira Garc\u00eda. <em>Master&#8217;s Degree in Bioinformatics, Computational Biology and Personalised Medicine. \u00a0Universidad Polit\u00e9cnica de Valencia<\/em>.<\/span><\/li>\n<li><span style=\"color: #000000;\">Manuel Uvus. <em>Master&#8217;s Degree in Bioinformatics, Computational Biology and Personalised Medicine. \u00a0Universidad Polit\u00e9cnica de Valencia<\/em>.<\/span><\/li>\n<li><span style=\"color: #000000;\">Cristina Mag\u00e1n Torres. <em>Degree in Biotechnology, Universidad Polit\u00e9cnica de Valencia.<\/em><\/span><\/li>\n<li><span style=\"color: #000000;\">Marina L\u00f3pez Ripoll. <em>Degree in Biotechnology, Universidad Polit\u00e9cnica de Valencia.<\/em><\/span><\/li>\n<li><span style=\"color: #000000;\">Alicia Garc\u00eda Jare\u00f1o. <em>Degree in nursing. Universitat de Val\u00e8ncia.<\/em><\/span><\/li>\n<li><span style=\"color: #000000;\">Mart\u00ed Romero Navarro. <em>Degree in Biochemistry and Molecular Biology. Universitat Rovira i Virgili de Tarragona.<\/em><\/span><\/li>\n<\/ol>\n<p><span style=\"color: #000000;\">2021\/22<\/span><\/p>\n<ol>\n<li><span style=\"color: #000000;\">Fernando Gordillo Gonz\u00e1lez. <em>Master&#8217;s Degree in Bioinformatics, University of Valencia.<\/em><\/span><\/li>\n<li><span style=\"color: #000000;\">Jaime Llera Oyola. <em>Master&#8217;s Degree in Bioinformatics, University of Valencia.<\/em><\/span><\/li>\n<li><span style=\"color: #000000;\">Borja G\u00f3mez Caba\u00f1es. <em>Master&#8217;s Degree in Bioinformatics, University of Valencia.<\/em><\/span><\/li>\n<li><span style=\"color: #000000;\">Edmond Geraud Aguilar. <em>Master&#8217;s Degree in Bioinformatics &amp; Biostatistics, Universitat Oberta de Catalunya<\/em>.<\/span><\/li>\n<li><span style=\"color: #000000;\">Helena G\u00f3mez Mart\u00ednez. <em>Master&#8217;s Degree in Bioinformatics, Computational Biology and Personalised Medicine. \u00a0Universidad Polit\u00e9cnica de Valencia.<\/em><\/span><\/li>\n<li><span style=\"color: #000000;\">Mar\u00eda Campos Segura. <em>Master&#8217;s Degree in Bioinformatics, University of Valencia.<\/em><\/span><\/li>\n<li><span style=\"color: #000000;\">Cristina Galiana. <em>Master&#8217;s Degree in Bioinformatics, University of Valencia.<\/em><\/span><\/li>\n<li><span style=\"color: #000000;\">Eva Maicas Alcaine. <em>Master&#8217;s Degree in Biostatistics, University of Valencia.<\/em><\/span><\/li>\n<li><span style=\"color: #000000;\">Ester Mu\u00f1oz. Degree in Biotechnology, Universidad Polit\u00e9cnica de Valencia.<\/span><\/li>\n<li><span style=\"color: #000000;\">\u00a0Daniel Gonz\u00e1lez Camblor. <em>Master&#8217;s Degree in Bioinformatics, University of Valencia.<\/em><\/span><\/li>\n<li><span style=\"color: #000000;\">Miguel Ferriz Jord\u00e1n. <em>Master&#8217;s Degree in Bioinformatics, University of Valencia.<\/em><\/span><\/li>\n<li><span style=\"color: #000000;\">Aar\u00f3n Garc\u00eda Bl\u00e1zquez. <em>Master&#8217;s Degree in Bioinformatics, University of Valencia.<\/em><\/span><\/li>\n<li><span style=\"color: #000000;\">Olga Rueda L\u00f3pez. <em>Master&#8217;s Degree in Molecular Approaches in Health Sciences, University of Valencia.<\/em><\/span><\/li>\n<\/ol>\n<p><span style=\"color: #000000;\">2020\/21<\/span><\/p>\n<ol>\n<li><span style=\"color: #000000;\">Almudena Neva Alejo. <em>Master&#8217;s Degree in Bioinformatics, University of Valencia.<\/em><\/span><\/li>\n<li><span style=\"color: #000000;\">Irene Soler D\u00edaz. <em>Master&#8217;s Degree in Bioinformatics, University of Valencia.<\/em><\/span><\/li>\n<li><span style=\"color: #000000;\">Carla Perpi\u00f1\u00e1 Cl\u00e9rigues. <em>Master&#8217;s Degree in Bioinformatics, University of Valencia.<\/em><\/span><\/li>\n<li><span style=\"color: #000000;\">Luc\u00eda Fant\u00edn. <em>Master&#8217;s Degree in Bioinformatics, University of Valencia.<\/em><\/span><\/li>\n<li><span style=\"color: #000000;\">Irene C\u00e1novas Cervera. <em>Degree in Biotechnology, Universidad Polit\u00e9cnica de Valencia.<\/em><\/span><\/li>\n<li><span style=\"color: #000000;\">Edurne Urrutia Lafuente. <em>Degree in Biotechnology, Universidad Polit\u00e9cnica de Valencia.<\/em><\/span><\/li>\n<li><span style=\"color: #000000;\">Yassir el Hamdani. <em>Degree in Biotechnology, Universidad Polit\u00e9cnica de Valencia.<\/em><\/span><\/li>\n<li><span style=\"color: #000000;\">Helena G\u00f3mez Mart\u00ednez. <em>Diploma in Bioinformatics and Computational Biology, Universidad Polit\u00e9cnica de Valencia.<\/em><\/span><\/li>\n<li><span style=\"color: #000000;\">Elvira Gonz\u00e1lez S\u00e1iz. <em>Master&#8217;s Degree in Biostatistics, University of Valencia.<\/em><\/span><\/li>\n<\/ol>\n<p><span style=\"color: #000000;\">2019\/20<\/span><\/p>\n<ol>\n<li><span style=\"color: #000000;\">Jos\u00e9 Antonio S\u00e1nchez Mil\u00e1n.\u00a0 <em>Master&#8217;s Degree in Bioinformatics, University of Valencia.<\/em><\/span><\/li>\n<li><span style=\"color: #000000;\">Mar\u00eda Guaita C\u00e9spedes.\u00a0 <em>Master&#8217;s Degree in Bioinformatics, University of Valencia.<\/em><\/span><\/li>\n<li><span style=\"color: #000000;\">Mar\u00eda Mulet Fern\u00e1ndez.\u00a0 <em>Master&#8217;s Degree in Bioinformatics, University of Valencia.<\/em><\/span><\/li>\n<li><span style=\"color: #000000;\">Miriam Ferreiro Pant\u00edn.\u00a0 Master&#8217;s Degree in Biomedical Biotechnology<em>, Universidad Polit\u00e9cnica de Valencia.<\/em><\/span><\/li>\n<li><span style=\"color: #000000;\">Violeta Lillo Collado. <em>Degree in Biotechnology, Universidad Polit\u00e9cnica de Valencia.<\/em><\/span><\/li>\n<li><span style=\"color: #000000;\">Alejandra Morcillo Nieto. <em>Degree in Biotechnology, Universidad Polit\u00e9cnica de Valencia.<\/em><\/span><\/li>\n<li><span style=\"color: #000000;\">Jes\u00fas Guti\u00e9rrez Botella. <em>Master&#8217;s Degree in Biostatistics, University of Valencia.<\/em><\/span><\/li>\n<li><span style=\"color: #000000;\">Irene C\u00e1novas Cervera. <em>Degree in Biotechnology, Universidad Polit\u00e9cnica de Valencia.<\/em><\/span><\/li>\n<li><span style=\"color: #000000;\">Marta Nadal Mu\u00f1oz.\u00a0Master&#8217;s Degree in Biomedical Biotechnology<em>, Universidad Polit\u00e9cnica de Valencia.<\/em><\/span><\/li>\n<li><span style=\"color: #000000;\">Silvia Nadal Almela. <em>Degree in Informatics Engineering, Universidad Polit\u00e9cnica de Valencia.<\/em><\/span><\/li>\n<li><span style=\"color: #000000;\">Alvaro L\u00f3pez Chilet. <em>Degree in Informatics Engineering, Universidad Polit\u00e9cnica de Valencia.<\/em><\/span><\/li>\n<li><span style=\"color: #000000;\">Rafael V. S\u00e1nchez Romero. <em>Degree in Informatics Engineering, Universidad Polit\u00e9cnica de Valencia.<\/em><\/span><\/li>\n<li><span style=\"color: #000000;\">Ver\u00f3nica Ridao Laguna. <em>Degree in Biotechnology, Universidad Polit\u00e9cnica de Valencia.<\/em><\/span><\/li>\n<li><span style=\"color: #000000;\">Celia Guerrero Olivares. <em>Degree in Biotechnology, Universidad Polit\u00e9cnica de Valencia.<\/em><\/span><\/li>\n<li><span style=\"color: #000000;\">Arturo Gonz\u00e1lez Vilanova. <em>Degree in Biotechnology, Universidad Polit\u00e9cnica de Valencia.<\/em><\/span><\/li>\n<li><span style=\"color: #000000;\">Javier Garc\u00eda Das\u00ed. <em>Master&#8217;s Degree in Biostatistics, University of Valencia.<\/em><\/span><\/li>\n<li><span style=\"color: #000000;\">Silvia Serrano Fern\u00e1ndez. <em>Degree in Digital and Multimedia Technology, Universidad Polit\u00e9cnica de Valencia.<\/em><\/span><\/li>\n<li><span style=\"color: #000000;\">Alvaro Ballesteros Gonz\u00e1lez.\u00a0<em>Master&#8217;s Degree in Bioinformatics &amp; Biostatistics, Universitat Oberta de Catalunya.<\/em><\/span><\/li>\n<\/ol>\n<p><span style=\"color: #000000;\">2018\/19<\/span><\/p>\n<ol>\n<li><span style=\"color: #000000;\">Franc Casanova Ferrer.\u00a0 <em>Master&#8217;s Degree in Bioinformatics, University of Valencia.<\/em><\/span><\/li>\n<li><span style=\"color: #000000;\">Pablo Malmierca Merlo.\u00a0 <em>Master&#8217;s Degree in Bioinformatics, University of Valencia.<\/em><\/span><\/li>\n<li><span style=\"color: #000000;\">Sergio Romera Giner.\u00a0 <em>Master&#8217;s Degree in Bioinformatics, University of Valencia.<\/em><\/span><\/li>\n<li><span style=\"color: #000000;\">Jos\u00e9 F. Catal\u00e0 Senent. \u00a0\u00a0<em>Master&#8217;s Degree in Bioinformatics, University of Valencia.<\/em><\/span><\/li>\n<li><span style=\"color: #000000;\">Rub\u00e9n Grillo Risco. <em>Master&#8217;s Degree in Bioinformatics, University of Valencia.<\/em><\/span><\/li>\n<li><span style=\"color: #000000;\">Adolfo L\u00f3pez Cerd\u00e1n. <em>Master&#8217;s Degree in Bioinformatics, University of Valencia.<\/em><\/span><\/li>\n<li><span style=\"color: #000000;\">Irene P\u00e9rez D\u00edez. <em>Master&#8217;s Degree in Bioinformatics, University of Valencia.<\/em><\/span><\/li>\n<li><span style=\"color: #000000;\">Ra\u00fal P\u00e9rez Moraga. <em>Master&#8217;s Degree in Bioinformatics, University of Valencia.<\/em><\/span><\/li>\n<li><span style=\"color: #000000;\">Jos\u00e9 Antonio S\u00e1nchez Mil\u00e1n.\u00a0 <em>Master&#8217;s Degree in Bioinformatics, University of Valencia.<\/em><\/span><\/li>\n<li><span style=\"color: #000000;\">Ana Tejada Col\u00f3n.\u00a0<em>Master\u2019s Degree in Biomedical Biotechnology, Universidad Polit\u00e9cnica de Valencia.<\/em><\/span><\/li>\n<li><span style=\"color: #000000;\">Jessica Aguilera Ramos.\u00a0<em>Degree in Biotechnology, Universidad de Granada.<\/em><\/span><\/li>\n<li><span style=\"color: #000000;\">Paula Navarrete L\u00f3pez. <em>Degree in Biotechnology, Universidad Polit\u00e9cnica de Valencia.<\/em><\/span><\/li>\n<\/ol>\n<h4 style=\"text-align: left;\"><span style=\"color: #000000;\">C) Collaborators<\/span><\/h4>\n<ol>\n<li>Alex Mart\u00ednez Ascensi\u00f3n (Biogipuzkoa Health Research Institute). 2025.<\/li>\n<li style=\"text-align: left;\"><span style=\"color: #000000;\">Zoraida Andreu Mart\u00ednez (FIVO). 2021.<\/span><\/li>\n<li><span style=\"color: #000000;\">Franc Casanova Ferrer (INCLIVA). 2020-2021.<\/span><\/li>\n<li><span style=\"color: #000000;\">Mariana G. L\u00f3pez Rodr\u00edguez (IBV-CSIC). 2018-2020.<\/span><\/li>\n<li><span style=\"color: #000000;\">Miguel Barqu\u00edn del Romo (Hospital Universitario Puerta de Hierro, Madrid). 2018.<\/span><\/li>\n<li><span style=\"color: #000000;\">Kinza Rian (Fundaci\u00f3n Progreso y Salud. UPV). 2018-2020.<\/span><\/li>\n<li><span style=\"color: #000000;\">Carol Monz\u00f3 Catalu\u00f1a (INCLIVA). 2018.<\/span><\/li>\n<li style=\"text-align: left;\"><span style=\"color: #000000;\">Azahara Fuentes Trillo (INCLIVA). 2018.<\/span><\/li>\n<li><span style=\"color: #000000;\">Ver\u00f3nica Lendinez Tortajada (INCLIVA). 2018.<\/span><\/li>\n<\/ol>\n","protected":false},"excerpt":{"rendered":"<p>CBL Team Paco Garcia.\u00a0 Group leader\u00a0 Cristina Galiana. Researcher Rub\u00e9n Grillo. Researcher Irene Soler. Researcher Carla Perpi\u00f1\u00e1. Researcher Rub\u00e9n S\u00e1nchez. System administrator Marta R. Hidalgo. Collaborator researcher Zoraida Andreu.\u00a0 Collaborator\u00a0 researcher Sergio Romera. Phd student Pablo Malmierca. Phd student Adolfo L\u00f3pez. Phd student Natalia del Rey. Phd student Borja G\u00f3mez. Phd student Fernando Gordillo. Phd&hellip; <br \/> <a class=\"read-more\" href=\"https:\/\/bioinfo.cipf.es\/cbl\/people\/\">Leer m\u00e1s<\/a><\/p>\n","protected":false},"author":2,"featured_media":1174,"parent":0,"menu_order":0,"comment_status":"closed","ping_status":"closed","template":"","meta":[],"_links":{"self":[{"href":"https:\/\/bioinfo.cipf.es\/cbl\/wp-json\/wp\/v2\/pages\/66"}],"collection":[{"href":"https:\/\/bioinfo.cipf.es\/cbl\/wp-json\/wp\/v2\/pages"}],"about":[{"href":"https:\/\/bioinfo.cipf.es\/cbl\/wp-json\/wp\/v2\/types\/page"}],"author":[{"embeddable":true,"href":"https:\/\/bioinfo.cipf.es\/cbl\/wp-json\/wp\/v2\/users\/2"}],"replies":[{"embeddable":true,"href":"https:\/\/bioinfo.cipf.es\/cbl\/wp-json\/wp\/v2\/comments?post=66"}],"version-history":[{"count":123,"href":"https:\/\/bioinfo.cipf.es\/cbl\/wp-json\/wp\/v2\/pages\/66\/revisions"}],"predecessor-version":[{"id":1812,"href":"https:\/\/bioinfo.cipf.es\/cbl\/wp-json\/wp\/v2\/pages\/66\/revisions\/1812"}],"wp:featuredmedia":[{"embeddable":true,"href":"https:\/\/bioinfo.cipf.es\/cbl\/wp-json\/wp\/v2\/media\/1174"}],"wp:attachment":[{"href":"https:\/\/bioinfo.cipf.es\/cbl\/wp-json\/wp\/v2\/media?parent=66"}],"curies":[{"name":"wp","href":"https:\/\/api.w.org\/{rel}","templated":true}]}}